{"id":593,"date":"2021-12-12T03:57:17","date_gmt":"2021-12-12T06:57:17","guid":{"rendered":"https:\/\/oficinatelasmosquiteiras.com.br\/?page_id=593"},"modified":"2021-12-12T09:12:10","modified_gmt":"2021-12-12T12:12:10","slug":"politica-de-privacidade","status":"publish","type":"page","link":"https:\/\/oficinatelasmosquiteiras.com.br\/index.php\/politica-de-privacidade\/","title":{"rendered":"Pol\u00edtica de privacidade"},"content":{"rendered":"\t\t<div data-elementor-type=\"wp-page\" data-elementor-id=\"593\" class=\"elementor elementor-593\" data-elementor-post-type=\"page\">\n\t\t\t\t\t\t<section class=\"elementor-section elementor-top-section elementor-element elementor-element-dcaf989 elementor-section-boxed elementor-section-height-default elementor-section-height-default\" data-id=\"dcaf989\" data-element_type=\"section\" data-e-type=\"section\">\n\t\t\t\t\t\t<div class=\"elementor-container elementor-column-gap-default\">\n\t\t\t\t\t<div class=\"elementor-column elementor-col-100 elementor-top-column elementor-element elementor-element-6dd71ca\" data-id=\"6dd71ca\" data-element_type=\"column\" data-e-type=\"column\">\n\t\t\t<div class=\"elementor-widget-wrap elementor-element-populated\">\n\t\t\t\t\t\t<div class=\"elementor-element elementor-element-63c00fd elementor-widget elementor-widget-heading\" data-id=\"63c00fd\" data-element_type=\"widget\" data-e-type=\"widget\" data-widget_type=\"heading.default\">\n\t\t\t\t\t<h2 class=\"elementor-heading-title elementor-size-default\">Pol\u00edtica de privacidade<\/h2>\t\t\t\t<\/div>\n\t\t\t\t<div class=\"elementor-element elementor-element-99f1ecc elementor-widget elementor-widget-heading\" data-id=\"99f1ecc\" data-element_type=\"widget\" data-e-type=\"widget\" data-widget_type=\"heading.default\">\n\t\t\t\t\t<h2 class=\"elementor-heading-title elementor-size-default\">Quais dados pessoais coletamos e porque<\/h2>\t\t\t\t<\/div>\n\t\t\t\t<div class=\"elementor-element elementor-element-d880b42 elementor-widget elementor-widget-heading\" data-id=\"d880b42\" data-element_type=\"widget\" data-e-type=\"widget\" data-widget_type=\"heading.default\">\n\t\t\t\t\t<h2 class=\"elementor-heading-title elementor-size-default\">Quem somos<\/h2>\t\t\t\t<\/div>\n\t\t\t\t<div class=\"elementor-element elementor-element-74e298a elementor-widget elementor-widget-text-editor\" data-id=\"74e298a\" data-element_type=\"widget\" data-e-type=\"widget\" data-widget_type=\"text-editor.default\">\n\t\t\t\t\t\t\t\t\t<p>O endere\u00e7o do nosso site \u00e9: https:\/\/oficinatelasmosquiteiras.com.br<\/p>\t\t\t\t\t\t\t\t<\/div>\n\t\t\t\t<div class=\"elementor-element elementor-element-1fb2aa3 elementor-widget elementor-widget-heading\" data-id=\"1fb2aa3\" data-element_type=\"widget\" data-e-type=\"widget\" data-widget_type=\"heading.default\">\n\t\t\t\t\t<h2 class=\"elementor-heading-title elementor-size-default\">Coment\u00e1rios<\/h2>\t\t\t\t<\/div>\n\t\t\t\t<div class=\"elementor-element elementor-element-2ec166c elementor-widget elementor-widget-text-editor\" data-id=\"2ec166c\" data-element_type=\"widget\" data-e-type=\"widget\" data-widget_type=\"text-editor.default\">\n\t\t\t\t\t\t\t\t\t<p>Quando os visitantes deixam coment\u00e1rios no site, coletamos os dados mostrados no formul\u00e1rio de coment\u00e1rios, al\u00e9m do endere\u00e7o de IP e de dados do navegador do visitante, para auxiliar na detec\u00e7\u00e3o de spam.<\/p>\n<p>Uma sequ\u00eancia anonimizada de caracteres criada a partir do seu e-mail (tamb\u00e9m chamada de hash) poder\u00e1 ser enviada para o Gravatar para verificar se voc\u00ea usa o servi\u00e7o. A pol\u00edtica de privacidade do Gravatar est\u00e1 dispon\u00edvel aqui: https:\/\/automattic.com\/privacy\/. Depois da aprova\u00e7\u00e3o do seu coment\u00e1rio, a foto do seu perfil fica vis\u00edvel publicamente junto de seu coment\u00e1rio.<\/p>\t\t\t\t\t\t\t\t<\/div>\n\t\t\t\t<div class=\"elementor-element elementor-element-38aee2c elementor-widget elementor-widget-heading\" data-id=\"38aee2c\" data-element_type=\"widget\" data-e-type=\"widget\" data-widget_type=\"heading.default\">\n\t\t\t\t\t<h2 class=\"elementor-heading-title elementor-size-default\">Formul\u00e1rios de contato<\/h2>\t\t\t\t<\/div>\n\t\t\t\t<div class=\"elementor-element elementor-element-2150a2d elementor-widget elementor-widget-text-editor\" data-id=\"2150a2d\" data-element_type=\"widget\" data-e-type=\"widget\" data-widget_type=\"text-editor.default\">\n\t\t\t\t\t\t\t\t\t<p>Nos formul\u00e1rios de contato, coletamos e mantemos as informa\u00e7\u00f5es: Nome, e-mail, telefone e nome da empresa, para efetuar o atendimento ao consumidor.<\/p>\n<p>Newslatter<\/p>\n<p>O formul\u00e1rio de Newslatter enviar nome e endere\u00e7o de e-mail, no qual armazenamos para enviar campanhas de e-mail marketing. Ao Assinar uma newslatter, voc\u00ea nos permite enviar de e-mails informativos e de ofertas.<\/p>\t\t\t\t\t\t\t\t<\/div>\n\t\t\t\t<div class=\"elementor-element elementor-element-88b183c elementor-widget elementor-widget-heading\" data-id=\"88b183c\" data-element_type=\"widget\" data-e-type=\"widget\" data-widget_type=\"heading.default\">\n\t\t\t\t\t<h2 class=\"elementor-heading-title elementor-size-default\">Cookies<\/h2>\t\t\t\t<\/div>\n\t\t\t\t<div class=\"elementor-element elementor-element-986df08 elementor-widget elementor-widget-text-editor\" data-id=\"986df08\" data-element_type=\"widget\" data-e-type=\"widget\" data-widget_type=\"text-editor.default\">\n\t\t\t\t\t\t\t\t\t<p>N\u00f3s utilizamos cookies. Cookies s\u00e3o pequenos arquivos de textos simples que sites armazenam em seu navegador para salvar suas prefer\u00eancias e configura\u00e7\u00f5es. Por exemplo, quando voc\u00ea acessa um site pela primeira vez, que faz uso de cookies, este site envia um arquivo de texto com suas prefer\u00eancias para o seu navegador, como: Regi\u00e3o de onde voc\u00ea est\u00e1 acessando, seu endere\u00e7o de e-mail, idioma escolhido, cores, produtos que voc\u00ea poder\u00e1 gostar com base em suas pesquisas, e etc.\u00a0 Quando voc\u00ea acessar o site novamente, seu navegador ir\u00e1 enviar este arquivo para o site, desta forma as suas configura\u00e7\u00f5es e prefer\u00eancias ser\u00e3o aplicadas automaticamente sem que voc\u00ea precise configurar tudo de novo (a menos que voc\u00ea queira).<\/p>\n<p>Ao deixar um coment\u00e1rio no site, voc\u00ea poder\u00e1 optar por salvar seu nome, e-mail e site nos cookies. Isso visa seu conforto, assim voc\u00ea n\u00e3o precisar\u00e1 preencher seus dados novamente quando fizer outro coment\u00e1rio. Estes cookies duram um ano.<\/p>\n<p>Se voc\u00ea tem uma conta e acessa este site, um cookie tempor\u00e1rio ser\u00e1 criado para determinar se seu navegador aceita cookies. Ele n\u00e3o cont\u00e9m nenhum dado pessoal e ser\u00e1 descartado quando voc\u00ea fechar seu navegador.<\/p>\n<p>Quando voc\u00ea acessa sua conta no site, tamb\u00e9m criamos v\u00e1rios cookies para salvar os dados da sua conta e suas escolhas de exibi\u00e7\u00e3o de tela. Cookies de login s\u00e3o mantidos por dois dias e cookies de op\u00e7\u00f5es de tela por um ano. Se voc\u00ea selecionar \u201cLembrar-me\u201d, seu acesso ser\u00e1 mantido por duas semanas. Se voc\u00ea se desconectar da sua conta, os cookies de login ser\u00e3o removidos.<\/p>\n<p>Se voc\u00ea editar ou publicar um artigo, um cookie adicional ser\u00e1 salvo no seu navegador. Este cookie n\u00e3o inclui nenhum dado pessoal e simplesmente indica o ID do post referente ao artigo que voc\u00ea acabou de editar. Ele expira depois de 1 dia.<\/p>\n<p>Tipos de cookies que usamos<\/p>\n<p>Essencial: Alguns cookies s\u00e3o essenciais para que voc\u00ea possa experimentar todas as funcionalidades do nosso site. Eles nos permitem manter as sess\u00f5es do usu\u00e1rio e prevenir quaisquer amea\u00e7as \u00e0 seguran\u00e7a. Eles n\u00e3o coletam ou armazenam nenhuma informa\u00e7\u00e3o pessoal. Por exemplo, esses cookies permitem que voc\u00ea fa\u00e7a login em sua conta e adicione produtos \u00e0 sua cesta e finalize a compra com seguran\u00e7a.<\/p>\n<p>Estat\u00edsticas: Esses cookies armazenam informa\u00e7\u00f5es como o n\u00famero de visitantes do site, o n\u00famero de visitantes \u00fanicos, quais p\u00e1ginas do site foram visitadas, a origem da visita, etc. Esses dados nos ajudam a compreender e analisar o desempenho do site e onde precisa de melhorias. Utilizamos o Cookie do Google para gerar esses relat\u00f3rio no Google Analytics.<\/p>\n<p>Marketing: Nosso site exibe an\u00fancios. Esses cookies s\u00e3o usados \u200b\u200bpara personalizar os an\u00fancios que mostramos a voc\u00ea para que sejam significativos para voc\u00ea. Esses cookies tamb\u00e9m nos ajudam a acompanhar a efici\u00eancia dessas campanhas publicit\u00e1rias.<\/p>\n<p>As informa\u00e7\u00f5es armazenadas nesses cookies tamb\u00e9m podem ser usadas por provedores de an\u00fancios de terceiros para exibir an\u00fancios em outros sites no navegador tamb\u00e9m.<\/p>\n<p>Funcionais: s\u00e3o os cookies que auxiliam certas funcionalidades n\u00e3o essenciais do nosso site. Essas funcionalidades incluem a incorpora\u00e7\u00e3o de conte\u00fado como v\u00eddeos ou o compartilhamento de conte\u00fado no site em plataformas de m\u00eddia social.<\/p>\t\t\t\t\t\t\t\t<\/div>\n\t\t\t\t<div class=\"elementor-element elementor-element-711719a elementor-widget elementor-widget-heading\" data-id=\"711719a\" data-element_type=\"widget\" data-e-type=\"widget\" data-widget_type=\"heading.default\">\n\t\t\t\t\t<h2 class=\"elementor-heading-title elementor-size-default\">M\u00eddia incorporada de outros sites<\/h2>\t\t\t\t<\/div>\n\t\t\t\t<div class=\"elementor-element elementor-element-1de5a5f elementor-widget elementor-widget-text-editor\" data-id=\"1de5a5f\" data-element_type=\"widget\" data-e-type=\"widget\" data-widget_type=\"text-editor.default\">\n\t\t\t\t\t\t\t\t\t<p>Artigos neste site podem incluir conte\u00fado incorporado como, por exemplo, v\u00eddeos, imagens, artigos, etc. Conte\u00fados incorporados de outros sites se comportam exatamente da mesma forma como se o visitante estivesse visitando o outro site.<\/p>\n<p>Estes sites podem coletar dados sobre voc\u00ea, usar cookies, incorporar rastreamento adicional de terceiros e monitorar sua intera\u00e7\u00e3o com este conte\u00fado incorporado, incluindo sua intera\u00e7\u00e3o com o conte\u00fado incorporado se voc\u00ea tem uma conta e est\u00e1 conectado com o site.<\/p>\t\t\t\t\t\t\t\t<\/div>\n\t\t\t\t<div class=\"elementor-element elementor-element-260bec0 elementor-widget elementor-widget-heading\" data-id=\"260bec0\" data-element_type=\"widget\" data-e-type=\"widget\" data-widget_type=\"heading.default\">\n\t\t\t\t\t<h2 class=\"elementor-heading-title elementor-size-default\">Com quem partilhamos seus dados<\/h2>\t\t\t\t<\/div>\n\t\t\t\t<div class=\"elementor-element elementor-element-f7689e3 elementor-widget elementor-widget-text-editor\" data-id=\"f7689e3\" data-element_type=\"widget\" data-e-type=\"widget\" data-widget_type=\"text-editor.default\">\n\t\t\t\t\t\t\t\t\t<p>N\u00e3o compartilhamos seus dados com terceiros.<\/p>\t\t\t\t\t\t\t\t<\/div>\n\t\t\t\t<div class=\"elementor-element elementor-element-e65021b elementor-widget elementor-widget-heading\" data-id=\"e65021b\" data-element_type=\"widget\" data-e-type=\"widget\" data-widget_type=\"heading.default\">\n\t\t\t\t\t<h2 class=\"elementor-heading-title elementor-size-default\">Por quanto tempo mantemos os seus dados<\/h2>\t\t\t\t<\/div>\n\t\t\t\t<div class=\"elementor-element elementor-element-5151289 elementor-widget elementor-widget-text-editor\" data-id=\"5151289\" data-element_type=\"widget\" data-e-type=\"widget\" data-widget_type=\"text-editor.default\">\n\t\t\t\t\t\t\t\t\t<p>Se voc\u00ea deixar um coment\u00e1rio, o coment\u00e1rio e os seus metadados s\u00e3o conservados indefinidamente. Fazemos isso para que seja poss\u00edvel reconhecer e aprovar automaticamente qualquer coment\u00e1rio posterior ao inv\u00e9s de ret\u00ea-lo para modera\u00e7\u00e3o.<\/p>\n<p>Para usu\u00e1rios que se registram no nosso site (se houver), tamb\u00e9m guardamos as informa\u00e7\u00f5es pessoais que fornecem no seu perfil de usu\u00e1rio. Todos os usu\u00e1rios podem ver, editar ou excluir suas informa\u00e7\u00f5es pessoais a qualquer momento (s\u00f3 n\u00e3o \u00e9 poss\u00edvel alterar o seu username). Os administradores de sites tamb\u00e9m podem ver e editar estas informa\u00e7\u00f5es.<\/p>\t\t\t\t\t\t\t\t<\/div>\n\t\t\t\t<div class=\"elementor-element elementor-element-d296904 elementor-widget elementor-widget-heading\" data-id=\"d296904\" data-element_type=\"widget\" data-e-type=\"widget\" data-widget_type=\"heading.default\">\n\t\t\t\t\t<h2 class=\"elementor-heading-title elementor-size-default\">Quais os seus direitos sobre seus dados<\/h2>\t\t\t\t<\/div>\n\t\t\t\t<div class=\"elementor-element elementor-element-88411ae elementor-widget elementor-widget-text-editor\" data-id=\"88411ae\" data-element_type=\"widget\" data-e-type=\"widget\" data-widget_type=\"text-editor.default\">\n\t\t\t\t\t\t\t\t\t<p>Se voc\u00ea tiver uma conta neste site ou se tiver deixado coment\u00e1rios, pode solicitar um arquivo exportado dos dados pessoais que mantemos sobre voc\u00ea, inclusive quaisquer dados que nos tenha fornecido. Tamb\u00e9m pode solicitar que removamos qualquer dado pessoal que mantemos sobre voc\u00ea. Isto n\u00e3o inclui nenhuns dados que somos obrigados a manter para prop\u00f3sitos administrativos, legais ou de seguran\u00e7a. Para solicitar, basta enviar um e-mail para\u00a0lgpd@descomplicndosites.com.br\u00a0que retornaremos em at\u00e9 28 dias.<\/p>\t\t\t\t\t\t\t\t<\/div>\n\t\t\t\t<div class=\"elementor-element elementor-element-f4c1d1a elementor-widget elementor-widget-heading\" data-id=\"f4c1d1a\" data-element_type=\"widget\" data-e-type=\"widget\" data-widget_type=\"heading.default\">\n\t\t\t\t\t<h2 class=\"elementor-heading-title elementor-size-default\">Para onde enviamos seus dados<\/h2>\t\t\t\t<\/div>\n\t\t\t\t<div class=\"elementor-element elementor-element-61b5495 elementor-widget elementor-widget-text-editor\" data-id=\"61b5495\" data-element_type=\"widget\" data-e-type=\"widget\" data-widget_type=\"text-editor.default\">\n\t\t\t\t\t\t\t\t\t<p>Coment\u00e1rios de visitantes podem ser marcados por um servi\u00e7o autom\u00e1tico de detec\u00e7\u00e3o de spam.<\/p>\n<p>Para usu\u00e1rios que se registram no nosso site (se houver), tamb\u00e9m guardamos as informa\u00e7\u00f5es pessoais que fornecem no seu perfil de usu\u00e1rio. Todos os usu\u00e1rios podem ver, editar ou excluir suas informa\u00e7\u00f5es pessoais a qualquer momento (s\u00f3 n\u00e3o \u00e9 poss\u00edvel alterar o seu username). Os administradores de sites tamb\u00e9m podem ver e editar estas informa\u00e7\u00f5es.<\/p>\t\t\t\t\t\t\t\t<\/div>\n\t\t\t\t<div class=\"elementor-element elementor-element-89b6a34 elementor-widget elementor-widget-heading\" data-id=\"89b6a34\" data-element_type=\"widget\" data-e-type=\"widget\" data-widget_type=\"heading.default\">\n\t\t\t\t\t<h2 class=\"elementor-heading-title elementor-size-default\">Suas informa\u00e7\u00f5es de contato<\/h2>\t\t\t\t<\/div>\n\t\t\t\t<div class=\"elementor-element elementor-element-ff1f2bb elementor-widget elementor-widget-text-editor\" data-id=\"ff1f2bb\" data-element_type=\"widget\" data-e-type=\"widget\" data-widget_type=\"text-editor.default\">\n\t\t\t\t\t\t\t\t\t<p>Para solicitar altera\u00e7\u00e3o, remo\u00e7\u00e3o ou c\u00f3pia dos seus dados pessoais, basta enviar um e-mail para lgpd@oficinatelasmosquiteiras.com.br que retornaremos em at\u00e9 28 dias.<\/p>\t\t\t\t\t\t\t\t<\/div>\n\t\t\t\t<div class=\"elementor-element elementor-element-fda144d elementor-widget elementor-widget-heading\" data-id=\"fda144d\" data-element_type=\"widget\" data-e-type=\"widget\" data-widget_type=\"heading.default\">\n\t\t\t\t\t<h2 class=\"elementor-heading-title elementor-size-default\">Como protegemos seus dados<\/h2>\t\t\t\t<\/div>\n\t\t\t\t<div class=\"elementor-element elementor-element-8b3d70d elementor-widget elementor-widget-text-editor\" data-id=\"8b3d70d\" data-element_type=\"widget\" data-e-type=\"widget\" data-widget_type=\"text-editor.default\">\n\t\t\t\t\t\t\t\t\t<p>Fique tranquilo(a)! Suas informa\u00e7\u00f5es est\u00e3o seguras! nosso site possui certificado SSL (site Seguro) para voc\u00ea navegar, processar e enviar informa\u00e7\u00f5es com seguran\u00e7a. Tamb\u00e9m utilizamos plugin de seguran\u00e7a no site.<\/p>\n<p><em>Nos reservamos o direito de atualizar estes termos e condi\u00e7\u00f5es de uso sem qualquer aviso pr\u00e9vio<\/em><\/p>\t\t\t\t\t\t\t\t<\/div>\n\t\t\t\t\t<\/div>\n\t\t<\/div>\n\t\t\t\t\t<\/div>\n\t\t<\/section>\n\t\t\t\t<\/div>\n\t\t","protected":false},"excerpt":{"rendered":"<p>Pol\u00edtica de privacidade Quais dados pessoais coletamos e porque Quem somos O endere\u00e7o do nosso site \u00e9: https:\/\/oficinatelasmosquiteiras.com.br Coment\u00e1rios Quando os visitantes deixam coment\u00e1rios no site, coletamos os dados mostrados no formul\u00e1rio de coment\u00e1rios, al\u00e9m do endere\u00e7o de IP e de dados do navegador do visitante, para auxiliar na detec\u00e7\u00e3o de spam. Uma sequ\u00eancia anonimizada [&hellip;]<\/p>\n","protected":false},"author":1,"featured_media":0,"parent":0,"menu_order":0,"comment_status":"closed","ping_status":"closed","template":"","meta":{"_uf_show_specific_survey":0,"_uf_disable_surveys":false,"footnotes":""},"class_list":["post-593","page","type-page","status-publish","hentry"],"yoast_head":"<!-- This site is optimized with the Yoast SEO plugin v27.3 - https:\/\/yoast.com\/product\/yoast-seo-wordpress\/ -->\n<title>Pol\u00edtica de privacidade | Oficina Telas Mosquiteiras<\/title>\n<meta name=\"robots\" content=\"index, follow, max-snippet:-1, max-image-preview:large, max-video-preview:-1\" \/>\n<link rel=\"canonical\" href=\"https:\/\/oficinatelasmosquiteiras.com.br\/index.php\/politica-de-privacidade\/\" \/>\n<meta property=\"og:locale\" content=\"pt_BR\" \/>\n<meta property=\"og:type\" content=\"article\" \/>\n<meta property=\"og:title\" content=\"Pol\u00edtica de privacidade | Oficina Telas Mosquiteiras\" \/>\n<meta property=\"og:description\" content=\"Pol\u00edtica de privacidade Quais dados pessoais coletamos e porque Quem somos O endere\u00e7o do nosso site \u00e9: https:\/\/oficinatelasmosquiteiras.com.br Coment\u00e1rios Quando os visitantes deixam coment\u00e1rios no site, coletamos os dados mostrados no formul\u00e1rio de coment\u00e1rios, al\u00e9m do endere\u00e7o de IP e de dados do navegador do visitante, para auxiliar na detec\u00e7\u00e3o de spam. Uma sequ\u00eancia anonimizada [&hellip;]\" \/>\n<meta property=\"og:url\" content=\"https:\/\/oficinatelasmosquiteiras.com.br\/index.php\/politica-de-privacidade\/\" \/>\n<meta property=\"og:site_name\" content=\"Oficina Telas Mosquiteiras\" \/>\n<meta property=\"article:publisher\" content=\"https:\/\/www.facebook.com\/oficinatelasmosquiteiras\" \/>\n<meta property=\"article:modified_time\" content=\"2021-12-12T12:12:10+00:00\" \/>\n<meta name=\"twitter:card\" content=\"summary_large_image\" \/>\n<meta name=\"twitter:label1\" content=\"Est. tempo de leitura\" \/>\n\t<meta name=\"twitter:data1\" content=\"5 minutos\" \/>\n<script type=\"application\/ld+json\" class=\"yoast-schema-graph\">{\"@context\":\"https:\\\/\\\/schema.org\",\"@graph\":[{\"@type\":\"WebPage\",\"@id\":\"https:\\\/\\\/oficinatelasmosquiteiras.com.br\\\/index.php\\\/politica-de-privacidade\\\/\",\"url\":\"https:\\\/\\\/oficinatelasmosquiteiras.com.br\\\/index.php\\\/politica-de-privacidade\\\/\",\"name\":\"Pol\u00edtica de privacidade | Oficina Telas Mosquiteiras\",\"isPartOf\":{\"@id\":\"https:\\\/\\\/oficinatelasmosquiteiras.com.br\\\/#website\"},\"datePublished\":\"2021-12-12T06:57:17+00:00\",\"dateModified\":\"2021-12-12T12:12:10+00:00\",\"breadcrumb\":{\"@id\":\"https:\\\/\\\/oficinatelasmosquiteiras.com.br\\\/index.php\\\/politica-de-privacidade\\\/#breadcrumb\"},\"inLanguage\":\"pt-BR\",\"potentialAction\":[{\"@type\":\"ReadAction\",\"target\":[\"https:\\\/\\\/oficinatelasmosquiteiras.com.br\\\/index.php\\\/politica-de-privacidade\\\/\"]}]},{\"@type\":\"BreadcrumbList\",\"@id\":\"https:\\\/\\\/oficinatelasmosquiteiras.com.br\\\/index.php\\\/politica-de-privacidade\\\/#breadcrumb\",\"itemListElement\":[{\"@type\":\"ListItem\",\"position\":1,\"name\":\"In\u00edcio\",\"item\":\"https:\\\/\\\/oficinatelasmosquiteiras.com.br\\\/\"},{\"@type\":\"ListItem\",\"position\":2,\"name\":\"Pol\u00edtica de privacidade\"}]},{\"@type\":\"WebSite\",\"@id\":\"https:\\\/\\\/oficinatelasmosquiteiras.com.br\\\/#website\",\"url\":\"https:\\\/\\\/oficinatelasmosquiteiras.com.br\\\/\",\"name\":\"Oficina Telas Mosquiteiras\",\"description\":\"\",\"publisher\":{\"@id\":\"https:\\\/\\\/oficinatelasmosquiteiras.com.br\\\/#organization\"},\"potentialAction\":[{\"@type\":\"SearchAction\",\"target\":{\"@type\":\"EntryPoint\",\"urlTemplate\":\"https:\\\/\\\/oficinatelasmosquiteiras.com.br\\\/?s={search_term_string}\"},\"query-input\":{\"@type\":\"PropertyValueSpecification\",\"valueRequired\":true,\"valueName\":\"search_term_string\"}}],\"inLanguage\":\"pt-BR\"},{\"@type\":\"Organization\",\"@id\":\"https:\\\/\\\/oficinatelasmosquiteiras.com.br\\\/#organization\",\"name\":\"Oficina Telas Mosquiteiras\",\"url\":\"https:\\\/\\\/oficinatelasmosquiteiras.com.br\\\/\",\"logo\":{\"@type\":\"ImageObject\",\"inLanguage\":\"pt-BR\",\"@id\":\"https:\\\/\\\/oficinatelasmosquiteiras.com.br\\\/#\\\/schema\\\/logo\\\/image\\\/\",\"url\":\"https:\\\/\\\/oficinatelasmosquiteiras.com.br\\\/wp-content\\\/uploads\\\/2021\\\/12\\\/logo-2021-quadrado.jpg\",\"contentUrl\":\"https:\\\/\\\/oficinatelasmosquiteiras.com.br\\\/wp-content\\\/uploads\\\/2021\\\/12\\\/logo-2021-quadrado.jpg\",\"width\":1078,\"height\":1094,\"caption\":\"Oficina Telas Mosquiteiras\"},\"image\":{\"@id\":\"https:\\\/\\\/oficinatelasmosquiteiras.com.br\\\/#\\\/schema\\\/logo\\\/image\\\/\"},\"sameAs\":[\"https:\\\/\\\/www.facebook.com\\\/oficinatelasmosquiteiras\",\"https:\\\/\\\/www.instagram.com\\\/oficinatelasmosquiteiras\\\/\"]}]}<\/script>\n<!-- \/ Yoast SEO plugin. -->","yoast_head_json":{"title":"Pol\u00edtica de privacidade | Oficina Telas Mosquiteiras","robots":{"index":"index","follow":"follow","max-snippet":"max-snippet:-1","max-image-preview":"max-image-preview:large","max-video-preview":"max-video-preview:-1"},"canonical":"https:\/\/oficinatelasmosquiteiras.com.br\/index.php\/politica-de-privacidade\/","og_locale":"pt_BR","og_type":"article","og_title":"Pol\u00edtica de privacidade | Oficina Telas Mosquiteiras","og_description":"Pol\u00edtica de privacidade Quais dados pessoais coletamos e porque Quem somos O endere\u00e7o do nosso site \u00e9: https:\/\/oficinatelasmosquiteiras.com.br Coment\u00e1rios Quando os visitantes deixam coment\u00e1rios no site, coletamos os dados mostrados no formul\u00e1rio de coment\u00e1rios, al\u00e9m do endere\u00e7o de IP e de dados do navegador do visitante, para auxiliar na detec\u00e7\u00e3o de spam. Uma sequ\u00eancia anonimizada [&hellip;]","og_url":"https:\/\/oficinatelasmosquiteiras.com.br\/index.php\/politica-de-privacidade\/","og_site_name":"Oficina Telas Mosquiteiras","article_publisher":"https:\/\/www.facebook.com\/oficinatelasmosquiteiras","article_modified_time":"2021-12-12T12:12:10+00:00","twitter_card":"summary_large_image","twitter_misc":{"Est. tempo de leitura":"5 minutos"},"schema":{"@context":"https:\/\/schema.org","@graph":[{"@type":"WebPage","@id":"https:\/\/oficinatelasmosquiteiras.com.br\/index.php\/politica-de-privacidade\/","url":"https:\/\/oficinatelasmosquiteiras.com.br\/index.php\/politica-de-privacidade\/","name":"Pol\u00edtica de privacidade | Oficina Telas Mosquiteiras","isPartOf":{"@id":"https:\/\/oficinatelasmosquiteiras.com.br\/#website"},"datePublished":"2021-12-12T06:57:17+00:00","dateModified":"2021-12-12T12:12:10+00:00","breadcrumb":{"@id":"https:\/\/oficinatelasmosquiteiras.com.br\/index.php\/politica-de-privacidade\/#breadcrumb"},"inLanguage":"pt-BR","potentialAction":[{"@type":"ReadAction","target":["https:\/\/oficinatelasmosquiteiras.com.br\/index.php\/politica-de-privacidade\/"]}]},{"@type":"BreadcrumbList","@id":"https:\/\/oficinatelasmosquiteiras.com.br\/index.php\/politica-de-privacidade\/#breadcrumb","itemListElement":[{"@type":"ListItem","position":1,"name":"In\u00edcio","item":"https:\/\/oficinatelasmosquiteiras.com.br\/"},{"@type":"ListItem","position":2,"name":"Pol\u00edtica de privacidade"}]},{"@type":"WebSite","@id":"https:\/\/oficinatelasmosquiteiras.com.br\/#website","url":"https:\/\/oficinatelasmosquiteiras.com.br\/","name":"Oficina Telas Mosquiteiras","description":"","publisher":{"@id":"https:\/\/oficinatelasmosquiteiras.com.br\/#organization"},"potentialAction":[{"@type":"SearchAction","target":{"@type":"EntryPoint","urlTemplate":"https:\/\/oficinatelasmosquiteiras.com.br\/?s={search_term_string}"},"query-input":{"@type":"PropertyValueSpecification","valueRequired":true,"valueName":"search_term_string"}}],"inLanguage":"pt-BR"},{"@type":"Organization","@id":"https:\/\/oficinatelasmosquiteiras.com.br\/#organization","name":"Oficina Telas Mosquiteiras","url":"https:\/\/oficinatelasmosquiteiras.com.br\/","logo":{"@type":"ImageObject","inLanguage":"pt-BR","@id":"https:\/\/oficinatelasmosquiteiras.com.br\/#\/schema\/logo\/image\/","url":"https:\/\/oficinatelasmosquiteiras.com.br\/wp-content\/uploads\/2021\/12\/logo-2021-quadrado.jpg","contentUrl":"https:\/\/oficinatelasmosquiteiras.com.br\/wp-content\/uploads\/2021\/12\/logo-2021-quadrado.jpg","width":1078,"height":1094,"caption":"Oficina Telas Mosquiteiras"},"image":{"@id":"https:\/\/oficinatelasmosquiteiras.com.br\/#\/schema\/logo\/image\/"},"sameAs":["https:\/\/www.facebook.com\/oficinatelasmosquiteiras","https:\/\/www.instagram.com\/oficinatelasmosquiteiras\/"]}]}},"_links":{"self":[{"href":"https:\/\/oficinatelasmosquiteiras.com.br\/index.php\/wp-json\/wp\/v2\/pages\/593","targetHints":{"allow":["GET"]}}],"collection":[{"href":"https:\/\/oficinatelasmosquiteiras.com.br\/index.php\/wp-json\/wp\/v2\/pages"}],"about":[{"href":"https:\/\/oficinatelasmosquiteiras.com.br\/index.php\/wp-json\/wp\/v2\/types\/page"}],"author":[{"embeddable":true,"href":"https:\/\/oficinatelasmosquiteiras.com.br\/index.php\/wp-json\/wp\/v2\/users\/1"}],"replies":[{"embeddable":true,"href":"https:\/\/oficinatelasmosquiteiras.com.br\/index.php\/wp-json\/wp\/v2\/comments?post=593"}],"version-history":[{"count":19,"href":"https:\/\/oficinatelasmosquiteiras.com.br\/index.php\/wp-json\/wp\/v2\/pages\/593\/revisions"}],"predecessor-version":[{"id":624,"href":"https:\/\/oficinatelasmosquiteiras.com.br\/index.php\/wp-json\/wp\/v2\/pages\/593\/revisions\/624"}],"wp:attachment":[{"href":"https:\/\/oficinatelasmosquiteiras.com.br\/index.php\/wp-json\/wp\/v2\/media?parent=593"}],"curies":[{"name":"wp","href":"https:\/\/api.w.org\/{rel}","templated":true}]}}